{"id":146,"date":"2023-12-14T13:55:03","date_gmt":"2023-12-14T13:55:03","guid":{"rendered":"https:\/\/amor.erasmus.site\/?page_id=146"},"modified":"2025-09-02T15:10:15","modified_gmt":"2025-09-02T15:10:15","slug":"about-the-project","status":"publish","type":"page","link":"https:\/\/amor.erasmus.site\/es\/about-the-project\/","title":{"rendered":"Sobre el proyecto"},"content":{"rendered":"<p><\/p>\n<div class=\"paoc-popup-margin paoc-popup-content\">\n<p>Frente a la crisis de la COVID-19 y los desaf\u00edos que enfrentan las instituciones educativas, el sector educativo en su conjunto necesita soluciones a corto plazo que puedan utilizarse para hacer frente a esta y posibles crisis futuras.<\/p>\n<p>El proyecto A.M.O.R. (Mediciones Avanzadas de Respuestas a los Desaf\u00edos del Desarrollo de Habilidades Sociales en la Era Digital) responde a esta necesidad.<\/p>\n<p>Las actividades del proyecto se centran en desarrollar soluciones dirigidas a la brecha de habilidades sociales y la brecha digital, destacadas especialmente por la pandemia de la Covid-19, para personas con discapacidades y estudiantes con necesidades educativas especiales que han sido ampliamente excluidos de soluciones digitales y no digitales desarrolladas en los \u00faltimos meses, principalmente debido a su inaccesibilidad y falta de inclusi\u00f3n.<\/p>\n<p>A trav\u00e9s de la implementaci\u00f3n del proyecto A.M.O.R., los profesores, entrenadores y trabajadores sociales podr\u00e1n ayudar a los j\u00f3venes, especialmente a aquellos con discapacidades y necesidades educativas especiales, a superar la falta percibida o real de control sobre su situaci\u00f3n y fortalecer la participaci\u00f3n social activa y combatir las tendencias negativas actuales de exclusi\u00f3n.<\/p>\n<p>La asociaci\u00f3n A.M.O.R. busca proporcionar soluciones pedag\u00f3gicas innovadoras y pr\u00e1cticas para la digitalizaci\u00f3n inclusiva de la juventud y el trabajo social en entornos formales e informales.<\/p>\n<p>Grupo objetivo<\/p>\n<ul>\n<li>Grupo objetivo primario (GO1)<\/li>\n<\/ul>\n<p>J\u00d3VENES y trabajadores sociales, as\u00ed como otros educadores en el campo del trabajo con J\u00d3VENES, por ejemplo, profesores, entrenadores, coaches.<\/p>\n<ul>\n<li>Grupo objetivo secundario (GO2)<\/li>\n<\/ul>\n<p>J\u00d3VENES con discapacidades f\u00edsicas y mentales y\/o NEAE en Europa enfrentando los desaf\u00edos impuestos por la pandemia de la Covid.<\/p>\n<\/div>\n<p><\/p>","protected":false},"excerpt":{"rendered":"<p>Frente a la crisis de la COVID-19 y los desaf\u00edos que enfrentan las instituciones educativas, el sector educativo en su conjunto necesita soluciones a corto plazo que puedan utilizarse para hacer frente a esta y posibles crisis futuras. El proyecto A.M.O.R. (Mediciones Avanzadas de Respuestas a los Desaf\u00edos del Desarrollo de Habilidades Sociales en la&hellip;&nbsp;<\/p>\n","protected":false},"author":1,"featured_media":0,"parent":0,"menu_order":0,"comment_status":"closed","ping_status":"closed","template":"","meta":{"neve_meta_sidebar":"","neve_meta_container":"","neve_meta_enable_content_width":"off","neve_meta_content_width":100,"neve_meta_title_alignment":"","neve_meta_author_avatar":"","neve_post_elements_order":"","neve_meta_disable_header":"","neve_meta_disable_footer":"","neve_meta_disable_title":"","footnotes":""},"class_list":["post-146","page","type-page","status-publish","hentry"],"_links":{"self":[{"href":"https:\/\/amor.erasmus.site\/es\/wp-json\/wp\/v2\/pages\/146","targetHints":{"allow":["GET"]}}],"collection":[{"href":"https:\/\/amor.erasmus.site\/es\/wp-json\/wp\/v2\/pages"}],"about":[{"href":"https:\/\/amor.erasmus.site\/es\/wp-json\/wp\/v2\/types\/page"}],"author":[{"embeddable":true,"href":"https:\/\/amor.erasmus.site\/es\/wp-json\/wp\/v2\/users\/1"}],"replies":[{"embeddable":true,"href":"https:\/\/amor.erasmus.site\/es\/wp-json\/wp\/v2\/comments?post=146"}],"version-history":[{"count":4,"href":"https:\/\/amor.erasmus.site\/es\/wp-json\/wp\/v2\/pages\/146\/revisions"}],"predecessor-version":[{"id":547,"href":"https:\/\/amor.erasmus.site\/es\/wp-json\/wp\/v2\/pages\/146\/revisions\/547"}],"wp:attachment":[{"href":"https:\/\/amor.erasmus.site\/es\/wp-json\/wp\/v2\/media?parent=146"}],"curies":[{"name":"wp","href":"https:\/\/api.w.org\/{rel}","templated":true}]}}