{"id":9,"date":"2023-12-14T11:04:08","date_gmt":"2023-12-14T11:04:08","guid":{"rendered":"https:\/\/amor.erasmus.site\/?page_id=9"},"modified":"2025-09-02T15:24:47","modified_gmt":"2025-09-02T15:24:47","slug":"home","status":"publish","type":"page","link":"https:\/\/amor.erasmus.site\/sk\/","title":{"rendered":"Home"},"content":{"rendered":"\t\t<div data-elementor-type=\"wp-page\" data-elementor-id=\"9\" class=\"elementor elementor-9\">\n\t\t\t\t<div class=\"elementor-element elementor-element-26e9b59 e-flex e-con-boxed e-con e-parent\" data-id=\"26e9b59\" data-element_type=\"container\" data-e-type=\"container\" data-settings=\"{&quot;background_background&quot;:&quot;classic&quot;}\">\n\t\t\t\t\t<div class=\"e-con-inner\">\n\t\t<div class=\"elementor-element elementor-element-2c7a98e e-flex e-con-boxed e-con e-child\" data-id=\"2c7a98e\" data-element_type=\"container\" data-e-type=\"container\" data-settings=\"{&quot;background_background&quot;:&quot;classic&quot;}\">\n\t\t\t\t\t<div class=\"e-con-inner\">\n\t\t\t\t<div class=\"elementor-element elementor-element-87da724 elementor-widget elementor-widget-image\" data-id=\"87da724\" data-element_type=\"widget\" data-e-type=\"widget\" data-widget_type=\"image.default\">\n\t\t\t\t<div class=\"elementor-widget-container\">\n\t\t\t\t\t\t\t\t\t\t\t\t\t\t\t<img fetchpriority=\"high\" decoding=\"async\" width=\"300\" height=\"298\" src=\"https:\/\/amor.erasmus.site\/wp-content\/uploads\/2023\/12\/amor-crop-removebg-preview-300x298.png\" class=\"attachment-medium size-medium wp-image-34\" alt=\"\" srcset=\"https:\/\/amor.erasmus.site\/wp-content\/uploads\/2023\/12\/amor-crop-removebg-preview-300x298.png 300w, https:\/\/amor.erasmus.site\/wp-content\/uploads\/2023\/12\/amor-crop-removebg-preview-150x150.png 150w, https:\/\/amor.erasmus.site\/wp-content\/uploads\/2023\/12\/amor-crop-removebg-preview.png 501w\" sizes=\"(max-width: 300px) 100vw, 300px\" \/>\t\t\t\t\t\t\t\t\t\t\t\t\t\t\t<\/div>\n\t\t\t\t<\/div>\n\t\t\t\t<div class=\"elementor-element elementor-element-cbdef42 elementor-widget elementor-widget-heading\" data-id=\"cbdef42\" data-element_type=\"widget\" data-e-type=\"widget\" data-widget_type=\"heading.default\">\n\t\t\t\t<div class=\"elementor-widget-container\">\n\t\t\t\t\t<h2 class=\"elementor-heading-title elementor-size-default\">A.M.O.R. <\/h2>\t\t\t\t<\/div>\n\t\t\t\t<\/div>\n\t\t\t\t<div class=\"elementor-element elementor-element-b177802 elementor-widget elementor-widget-heading\" data-id=\"b177802\" data-element_type=\"widget\" data-e-type=\"widget\" data-widget_type=\"heading.default\">\n\t\t\t\t<div class=\"elementor-widget-container\">\n\t\t\t\t\t<h2 class=\"elementor-heading-title elementor-size-default\">Advanced Measurements of Responses to the Challenges of\nSocial Skills development in a digital era\n<\/h2>\t\t\t\t<\/div>\n\t\t\t\t<\/div>\n\t\t\t\t<div class=\"elementor-element elementor-element-3327e32 elementor-widget elementor-widget-text-editor\" data-id=\"3327e32\" data-element_type=\"widget\" data-e-type=\"widget\" data-widget_type=\"text-editor.default\">\n\t\t\t\t<div class=\"elementor-widget-container\">\n\t\t\t\t\t\t\t\t\t<p>\u0160tevilka projekta: 2022-2-DE04-KA220-YOU-000098221 <br \/>Obdobje izvajanja: 01.06.2023 \u2013 31.05.2025 <br \/>Program Erasmus+<\/p>\t\t\t\t\t\t\t\t<\/div>\n\t\t\t\t<\/div>\n\t\t<div class=\"elementor-element elementor-element-a2dbdce e-flex e-con-boxed e-con e-child\" data-id=\"a2dbdce\" data-element_type=\"container\" data-e-type=\"container\">\n\t\t\t\t\t<div class=\"e-con-inner\">\n\t\t\t\t<div class=\"elementor-element elementor-element-5f6a47d elementor-widget elementor-widget-text-editor\" data-id=\"5f6a47d\" data-element_type=\"widget\" data-e-type=\"widget\" data-widget_type=\"text-editor.default\">\n\t\t\t\t<div class=\"elementor-widget-container\">\n\t\t\t\t\t\t\t\t\t\t<a class=\"paoc-popup-click paoc-popup-cust-55 paoc-popup-button paoc-popup-btn \" href=\"javascript:void(0);\">O projektu<\/a>\r\n\t\t\t\t\t\t\t\t<\/div>\n\t\t\t\t<\/div>\n\t\t\t\t\t<\/div>\n\t\t\t\t<\/div>\n\t\t\t\t\t<\/div>\n\t\t\t\t<\/div>\n\t\t\t\t\t<\/div>\n\t\t\t\t<\/div>\n\t\t<div class=\"elementor-element elementor-element-dc7f321 e-flex e-con-boxed e-con e-parent\" data-id=\"dc7f321\" data-element_type=\"container\" data-e-type=\"container\">\n\t\t\t\t\t<div class=\"e-con-inner\">\n\t\t\t\t<div class=\"elementor-element elementor-element-2282a2c elementor-widget elementor-widget-menu-anchor\" data-id=\"2282a2c\" data-element_type=\"widget\" data-e-type=\"widget\" data-widget_type=\"menu-anchor.default\">\n\t\t\t\t<div class=\"elementor-widget-container\">\n\t\t\t\t\t\t\t<div class=\"elementor-menu-anchor\" id=\"results\"><\/div>\n\t\t\t\t\t\t<\/div>\n\t\t\t\t<\/div>\n\t\t\t\t<div class=\"elementor-element elementor-element-f14b160 elementor-widget elementor-widget-heading\" data-id=\"f14b160\" data-element_type=\"widget\" data-e-type=\"widget\" data-widget_type=\"heading.default\">\n\t\t\t\t<div class=\"elementor-widget-container\">\n\t\t\t\t\t<h2 class=\"elementor-heading-title elementor-size-default\">Rezultati projekta<\/h2>\t\t\t\t<\/div>\n\t\t\t\t<\/div>\n\t\t<div class=\"elementor-element elementor-element-cb86064 e-con-full e-flex e-con e-child\" data-id=\"cb86064\" data-element_type=\"container\" data-e-type=\"container\">\n\t\t\t\t<div class=\"elementor-element elementor-element-7ed286f elementor-widget elementor-widget-text-editor\" data-id=\"7ed286f\" data-element_type=\"widget\" data-e-type=\"widget\" data-widget_type=\"text-editor.default\">\n\t\t\t\t<div class=\"elementor-widget-container\">\n\t\t\t\t\t\t\t\t\t<p style=\"text-align: center;\"><a class=\"btn btn-primary\" role=\"button\" href=\"https:\/\/amor.erasmus.site\/a-m-o-r-digital-handbook\/#policy\">Priporo\u010dilo glede politike<\/a><\/p>\n\t\t\t\t\t\t\t\t<\/div>\n\t\t\t\t<\/div>\n\t\t\t\t<\/div>\n\t\t\t\t\t<\/div>\n\t\t\t\t<\/div>\n\t\t<div class=\"elementor-element elementor-element-42758a5 e-flex e-con-boxed e-con e-parent\" data-id=\"42758a5\" data-element_type=\"container\" data-e-type=\"container\">\n\t\t\t\t\t<div class=\"e-con-inner\">\n\t\t<div class=\"elementor-element elementor-element-46cc7ea e-con-full e-flex e-con e-child\" data-id=\"46cc7ea\" data-element_type=\"container\" data-e-type=\"container\">\n\t\t\t\t<div class=\"elementor-element elementor-element-eaac44b elementor-widget elementor-widget-image\" data-id=\"eaac44b\" data-element_type=\"widget\" data-e-type=\"widget\" data-widget_type=\"image.default\">\n\t\t\t\t<div class=\"elementor-widget-container\">\n\t\t\t\t\t\t\t\t\t\t\t\t\t\t\t<img decoding=\"async\" width=\"300\" height=\"300\" src=\"https:\/\/amor.erasmus.site\/wp-content\/uploads\/2023\/12\/11663914_20944706-300x300.jpg\" class=\"attachment-medium size-medium wp-image-78\" alt=\"\" srcset=\"https:\/\/amor.erasmus.site\/wp-content\/uploads\/2023\/12\/11663914_20944706-300x300.jpg 300w, https:\/\/amor.erasmus.site\/wp-content\/uploads\/2023\/12\/11663914_20944706-1024x1024.jpg 1024w, https:\/\/amor.erasmus.site\/wp-content\/uploads\/2023\/12\/11663914_20944706-150x150.jpg 150w, https:\/\/amor.erasmus.site\/wp-content\/uploads\/2023\/12\/11663914_20944706-768x768.jpg 768w, https:\/\/amor.erasmus.site\/wp-content\/uploads\/2023\/12\/11663914_20944706-1536x1536.jpg 1536w, https:\/\/amor.erasmus.site\/wp-content\/uploads\/2023\/12\/11663914_20944706-2048x2048.jpg 2048w\" sizes=\"(max-width: 300px) 100vw, 300px\" \/>\t\t\t\t\t\t\t\t\t\t\t\t\t\t\t<\/div>\n\t\t\t\t<\/div>\n\t\t\t\t<div class=\"elementor-element elementor-element-9057749 elementor-widget elementor-widget-heading\" data-id=\"9057749\" data-element_type=\"widget\" data-e-type=\"widget\" data-widget_type=\"heading.default\">\n\t\t\t\t<div class=\"elementor-widget-container\">\n\t\t\t\t\t<h2 class=\"elementor-heading-title elementor-size-default\">Katalog dobrih praks A.M.O.R.<\/h2>\t\t\t\t<\/div>\n\t\t\t\t<\/div>\n\t\t\t\t<div class=\"elementor-element elementor-element-a78148f elementor-widget elementor-widget-text-editor\" data-id=\"a78148f\" data-element_type=\"widget\" data-e-type=\"widget\" data-widget_type=\"text-editor.default\">\n\t\t\t\t<div class=\"elementor-widget-container\">\n\t\t\t\t\t\t\t\t\t<p>Poseben dokument, ki je dostopen javnosti in posebej priporo\u010dljiv za mlade in socialne delavce ter druge pedago\u0161ke delavce. Dokument bo sestavljen iz dobro strukturiranih orodij, dejavnosti in praks iz vseh partnerskih dr\u017eav in se bo zaklju\u010dil z razdelkom o pridobljenih izku\u0161njah, ki bo analiziral razli\u010dne potrebe, npr. spretnosti udele\u017eenih ljudi, metodologijo in vklju\u010dujo\u010de pristope do invalidov.<\/p>\t\t\t\t\t\t\t\t<\/div>\n\t\t\t\t<\/div>\n\t\t\t\t<div class=\"elementor-element elementor-element-cedc1ea elementor-align-center elementor-widget elementor-widget-button\" data-id=\"cedc1ea\" data-element_type=\"widget\" data-e-type=\"widget\" data-widget_type=\"button.default\">\n\t\t\t\t<div class=\"elementor-widget-container\">\n\t\t\t\t\t\t\t\t\t<div class=\"elementor-button-wrapper\">\n\t\t\t\t\t<a class=\"elementor-button elementor-button-link elementor-size-sm\" href=\"https:\/\/amor.erasmus.site\/a-m-o-r-good-practice-catalogue\/\">\n\t\t\t\t\t\t<span class=\"elementor-button-content-wrapper\">\n\t\t\t\t\t\t\t\t\t<span class=\"elementor-button-text\">Odpri<\/span>\n\t\t\t\t\t<\/span>\n\t\t\t\t\t<\/a>\n\t\t\t\t<\/div>\n\t\t\t\t\t\t\t\t<\/div>\n\t\t\t\t<\/div>\n\t\t\t\t<\/div>\n\t\t<div class=\"elementor-element elementor-element-c60a370 e-con-full e-flex e-con e-child\" data-id=\"c60a370\" data-element_type=\"container\" data-e-type=\"container\">\n\t\t\t\t<div class=\"elementor-element elementor-element-587a539 elementor-widget elementor-widget-image\" data-id=\"587a539\" data-element_type=\"widget\" data-e-type=\"widget\" data-widget_type=\"image.default\">\n\t\t\t\t<div class=\"elementor-widget-container\">\n\t\t\t\t\t\t\t\t\t\t\t\t\t\t\t<img decoding=\"async\" width=\"300\" height=\"300\" src=\"https:\/\/amor.erasmus.site\/wp-content\/uploads\/2023\/12\/5596210_55761-300x300.jpg\" class=\"attachment-medium size-medium wp-image-82\" alt=\"\" srcset=\"https:\/\/amor.erasmus.site\/wp-content\/uploads\/2023\/12\/5596210_55761-300x300.jpg 300w, https:\/\/amor.erasmus.site\/wp-content\/uploads\/2023\/12\/5596210_55761-1024x1024.jpg 1024w, https:\/\/amor.erasmus.site\/wp-content\/uploads\/2023\/12\/5596210_55761-150x150.jpg 150w, https:\/\/amor.erasmus.site\/wp-content\/uploads\/2023\/12\/5596210_55761-768x768.jpg 768w, https:\/\/amor.erasmus.site\/wp-content\/uploads\/2023\/12\/5596210_55761-1536x1536.jpg 1536w, https:\/\/amor.erasmus.site\/wp-content\/uploads\/2023\/12\/5596210_55761-2048x2048.jpg 2048w\" sizes=\"(max-width: 300px) 100vw, 300px\" \/>\t\t\t\t\t\t\t\t\t\t\t\t\t\t\t<\/div>\n\t\t\t\t<\/div>\n\t\t\t\t<div class=\"elementor-element elementor-element-92cf3e9 elementor-widget elementor-widget-heading\" data-id=\"92cf3e9\" data-element_type=\"widget\" data-e-type=\"widget\" data-widget_type=\"heading.default\">\n\t\t\t\t<div class=\"elementor-widget-container\">\n\t\t\t\t\t<h2 class=\"elementor-heading-title elementor-size-default\">Digitalni priro\u010dnik A.M.O.R.<\/h2>\t\t\t\t<\/div>\n\t\t\t\t<\/div>\n\t\t\t\t<div class=\"elementor-element elementor-element-1ea6164 elementor-widget elementor-widget-text-editor\" data-id=\"1ea6164\" data-element_type=\"widget\" data-e-type=\"widget\" data-widget_type=\"text-editor.default\">\n\t\t\t\t<div class=\"elementor-widget-container\">\n\t\t\t\t\t\t\t\t\t<p>Inovativni digitalni priro\u010dnik projekta AMOR je samostojna publikacija s \u0161tevilnimi poglavji za razli\u010dne namene, ki jih je po projektu enostavno dopolnjevati (lokalne verzije). Brezpla\u010dno bo dostopna \u0161ir\u0161i javnosti, \u0161e posebej pa priporo\u010dljiva za pedago\u0161ke delavce ter \u0161tudente z in brez invalidnosti.<\/p>\t\t\t\t\t\t\t\t<\/div>\n\t\t\t\t<\/div>\n\t\t\t\t<div class=\"elementor-element elementor-element-5b08682 elementor-align-center elementor-widget elementor-widget-button\" data-id=\"5b08682\" data-element_type=\"widget\" data-e-type=\"widget\" data-widget_type=\"button.default\">\n\t\t\t\t<div class=\"elementor-widget-container\">\n\t\t\t\t\t\t\t\t\t<div class=\"elementor-button-wrapper\">\n\t\t\t\t\t<a class=\"elementor-button elementor-button-link elementor-size-sm\" href=\"https:\/\/amor.erasmus.site\/a-m-o-r-digital-handbook\/\">\n\t\t\t\t\t\t<span class=\"elementor-button-content-wrapper\">\n\t\t\t\t\t\t\t\t\t<span class=\"elementor-button-text\">Odpri<\/span>\n\t\t\t\t\t<\/span>\n\t\t\t\t\t<\/a>\n\t\t\t\t<\/div>\n\t\t\t\t\t\t\t\t<\/div>\n\t\t\t\t<\/div>\n\t\t\t\t<\/div>\n\t\t\t\t\t<\/div>\n\t\t\t\t<\/div>\n\t\t<div class=\"elementor-element elementor-element-60681bd e-flex e-con-boxed e-con e-parent\" data-id=\"60681bd\" data-element_type=\"container\" data-e-type=\"container\">\n\t\t\t\t\t<div class=\"e-con-inner\">\n\t\t\t\t<div class=\"elementor-element elementor-element-7d3a1e2 elementor-widget elementor-widget-menu-anchor\" data-id=\"7d3a1e2\" data-element_type=\"widget\" data-e-type=\"widget\" data-widget_type=\"menu-anchor.default\">\n\t\t\t\t<div class=\"elementor-widget-container\">\n\t\t\t\t\t\t\t<div class=\"elementor-menu-anchor\" id=\"partners\"><\/div>\n\t\t\t\t\t\t<\/div>\n\t\t\t\t<\/div>\n\t\t\t\t<div class=\"elementor-element elementor-element-51951aa elementor-widget elementor-widget-heading\" data-id=\"51951aa\" data-element_type=\"widget\" data-e-type=\"widget\" data-widget_type=\"heading.default\">\n\t\t\t\t<div class=\"elementor-widget-container\">\n\t\t\t\t\t<h2 class=\"elementor-heading-title elementor-size-default\">Projektni partnerji<\/h2>\t\t\t\t<\/div>\n\t\t\t\t<\/div>\n\t\t\t\t\t<\/div>\n\t\t\t\t<\/div>\n\t\t<div class=\"elementor-element elementor-element-da678fe e-flex e-con-boxed e-con e-parent\" data-id=\"da678fe\" data-element_type=\"container\" data-e-type=\"container\">\n\t\t\t\t\t<div class=\"e-con-inner\">\n\t\t<div class=\"elementor-element elementor-element-9e57dd9 e-con-full e-flex e-con e-child\" data-id=\"9e57dd9\" data-element_type=\"container\" data-e-type=\"container\">\n\t\t\t\t<div class=\"elementor-element elementor-element-452bd12 elementor-widget elementor-widget-text-editor\" data-id=\"452bd12\" data-element_type=\"widget\" data-e-type=\"widget\" data-widget_type=\"text-editor.default\">\n\t\t\t\t<div class=\"elementor-widget-container\">\n\t\t\t\t\t\t\t\t\t\r\n\t<div class=\"paoc-image-popup\">\r\n\t\t<a class=\"paoc-popup-click paoc-popup-cust-105 paoc-popup-image paoc-popup-image\" href=\"javascript:void(0);\"><img decoding=\"async\" class=\"popupaoc-img\" src=\"https:\/\/amor.erasmus.site\/wp-content\/uploads\/2023\/12\/tfnow-e1748948720169.png\" alt=\"\" \/><\/a>\r\n\r\n\t\t\t<\/div>\r\n\r\n\t\t\t\t\t\t\t\t<\/div>\n\t\t\t\t<\/div>\n\t\t\t\t<\/div>\n\t\t<div class=\"elementor-element elementor-element-97c7482 e-con-full e-flex e-con e-child\" data-id=\"97c7482\" data-element_type=\"container\" data-e-type=\"container\">\n\t\t\t\t<div class=\"elementor-element elementor-element-fa92933 elementor-widget elementor-widget-text-editor\" data-id=\"fa92933\" data-element_type=\"widget\" data-e-type=\"widget\" data-widget_type=\"text-editor.default\">\n\t\t\t\t<div class=\"elementor-widget-container\">\n\t\t\t\t\t\t\t\t\t\r\n\t<div class=\"paoc-image-popup\">\r\n\t\t<a class=\"paoc-popup-click paoc-popup-cust-96 paoc-popup-image paoc-popup-image\" href=\"javascript:void(0);\"><img decoding=\"async\" class=\"popupaoc-img\" src=\"https:\/\/amor.erasmus.site\/wp-content\/uploads\/2023\/12\/mcc-e1748949101259.png\" alt=\"\" \/><\/a>\r\n\r\n\t\t\t<\/div>\r\n\r\n\t\t\t\t\t\t\t\t<\/div>\n\t\t\t\t<\/div>\n\t\t\t\t<\/div>\n\t\t<div class=\"elementor-element elementor-element-ac12e3f e-con-full e-flex e-con e-child\" data-id=\"ac12e3f\" data-element_type=\"container\" data-e-type=\"container\">\n\t\t\t\t<div class=\"elementor-element elementor-element-8379b58 elementor-widget elementor-widget-text-editor\" data-id=\"8379b58\" data-element_type=\"widget\" data-e-type=\"widget\" data-widget_type=\"text-editor.default\">\n\t\t\t\t<div class=\"elementor-widget-container\">\n\t\t\t\t\t\t\t\t\t\r\n\t<div class=\"paoc-image-popup\">\r\n\t\t<a class=\"paoc-popup-click paoc-popup-cust-88 paoc-popup-image paoc-popup-image\" href=\"javascript:void(0);\"><img decoding=\"async\" class=\"popupaoc-img\" src=\"https:\/\/amor.erasmus.site\/wp-content\/uploads\/2023\/12\/ib-e1748949149798.png\" alt=\"\" \/><\/a>\r\n\r\n\t\t\t<\/div>\r\n\r\n\t\t\t\t\t\t\t\t<\/div>\n\t\t\t\t<\/div>\n\t\t\t\t<\/div>\n\t\t\t\t\t<\/div>\n\t\t\t\t<\/div>\n\t\t<div class=\"elementor-element elementor-element-56f14bf e-flex e-con-boxed e-con e-parent\" data-id=\"56f14bf\" data-element_type=\"container\" data-e-type=\"container\">\n\t\t\t\t\t<div class=\"e-con-inner\">\n\t\t<div class=\"elementor-element elementor-element-6600d68 e-con-full e-flex e-con e-child\" data-id=\"6600d68\" data-element_type=\"container\" data-e-type=\"container\">\n\t\t\t\t<div class=\"elementor-element elementor-element-da0d45e elementor-widget elementor-widget-text-editor\" data-id=\"da0d45e\" data-element_type=\"widget\" data-e-type=\"widget\" data-widget_type=\"text-editor.default\">\n\t\t\t\t<div class=\"elementor-widget-container\">\n\t\t\t\t\t\t\t\t\t\r\n\t<div class=\"paoc-image-popup\">\r\n\t\t<a class=\"paoc-popup-click paoc-popup-cust-116 paoc-popup-image paoc-popup-image\" href=\"javascript:void(0);\"><img decoding=\"async\" class=\"popupaoc-img\" src=\"https:\/\/amor.erasmus.site\/wp-content\/uploads\/2023\/12\/calasanz-e1748948708408.png\" alt=\"\" \/><\/a>\r\n\r\n\t\t\t<\/div>\r\n\r\n\t\t\t\t\t\t\t\t<\/div>\n\t\t\t\t<\/div>\n\t\t\t\t<\/div>\n\t\t<div class=\"elementor-element elementor-element-0cc10d6 e-con-full e-flex e-con e-child\" data-id=\"0cc10d6\" data-element_type=\"container\" data-e-type=\"container\">\n\t\t\t\t<div class=\"elementor-element elementor-element-aedd06f elementor-widget elementor-widget-text-editor\" data-id=\"aedd06f\" data-element_type=\"widget\" data-e-type=\"widget\" data-widget_type=\"text-editor.default\">\n\t\t\t\t<div class=\"elementor-widget-container\">\n\t\t\t\t\t\t\t\t\t\r\n\t<div class=\"paoc-image-popup\">\r\n\t\t<a class=\"paoc-popup-click paoc-popup-cust-121 paoc-popup-image paoc-popup-image\" href=\"javascript:void(0);\"><img decoding=\"async\" class=\"popupaoc-img\" src=\"https:\/\/amor.erasmus.site\/wp-content\/uploads\/2023\/12\/danmar-e1748948691217.png\" alt=\"\" \/><\/a>\r\n\r\n\t\t\t<\/div>\r\n\r\n\t\t\t\t\t\t\t\t<\/div>\n\t\t\t\t<\/div>\n\t\t\t\t<\/div>\n\t\t<div class=\"elementor-element elementor-element-fa3c783 e-con-full e-flex e-con e-child\" data-id=\"fa3c783\" data-element_type=\"container\" data-e-type=\"container\">\n\t\t\t\t<div class=\"elementor-element elementor-element-4b1a076 elementor-widget elementor-widget-text-editor\" data-id=\"4b1a076\" data-element_type=\"widget\" data-e-type=\"widget\" data-widget_type=\"text-editor.default\">\n\t\t\t\t<div class=\"elementor-widget-container\">\n\t\t\t\t\t\t\t\t\t\r\n\t<div class=\"paoc-image-popup\">\r\n\t\t<a class=\"paoc-popup-click paoc-popup-cust-132 paoc-popup-image paoc-popup-image\" href=\"javascript:void(0);\"><img decoding=\"async\" class=\"popupaoc-img\" src=\"https:\/\/amor.erasmus.site\/wp-content\/uploads\/2023\/12\/aeva-e1748948745376.png\" alt=\"\" \/><\/a>\r\n\r\n\t\t\t<\/div>\r\n\r\n\t\t\t\t\t\t\t\t<\/div>\n\t\t\t\t<\/div>\n\t\t\t\t<\/div>\n\t\t<div class=\"elementor-element elementor-element-37201c7 e-con-full e-flex e-con e-child\" data-id=\"37201c7\" data-element_type=\"container\" data-e-type=\"container\">\n\t\t\t\t<div class=\"elementor-element elementor-element-d13374e elementor-widget elementor-widget-text-editor\" data-id=\"d13374e\" data-element_type=\"widget\" data-e-type=\"widget\" data-widget_type=\"text-editor.default\">\n\t\t\t\t<div class=\"elementor-widget-container\">\n\t\t\t\t\t\t\t\t\t\r\n\t<div class=\"paoc-image-popup\">\r\n\t\t<a class=\"paoc-popup-click paoc-popup-cust-138 paoc-popup-image paoc-popup-image\" href=\"javascript:void(0);\"><img decoding=\"async\" class=\"popupaoc-img\" src=\"https:\/\/amor.erasmus.site\/wp-content\/uploads\/2023\/12\/yes_forum-e1748948764575.png\" alt=\"\" \/><\/a>\r\n\r\n\t\t\t<\/div>\r\n\r\n\t\t\t\t\t\t\t\t<\/div>\n\t\t\t\t<\/div>\n\t\t\t\t<\/div>\n\t\t\t\t\t<\/div>\n\t\t\t\t<\/div>\n\t\t\t\t<\/div>\n\t\t","protected":false},"excerpt":{"rendered":"<p>A.M.O.R. Advanced Measurements of Responses to the Challenges of Social Skills development in a digital era \u0160tevilka projekta: 2022-2-DE04-KA220-YOU-000098221 Obdobje izvajanja: 01.06.2023 \u2013 31.05.2025 Program Erasmus+ Rezultati projekta Priporo\u010dilo glede politike Katalog dobrih praks A.M.O.R. Poseben dokument, ki je dostopen javnosti in posebej priporo\u010dljiv za mlade in socialne delavce ter druge pedago\u0161ke delavce. Dokument bo&hellip;&nbsp;<\/p>\n","protected":false},"author":1,"featured_media":0,"parent":0,"menu_order":0,"comment_status":"closed","ping_status":"closed","template":"page-templates\/template-pagebuilder-full-width.php","meta":{"neve_meta_sidebar":"","neve_meta_container":"","neve_meta_enable_content_width":"off","neve_meta_content_width":100,"neve_meta_title_alignment":"","neve_meta_author_avatar":"","neve_post_elements_order":"","neve_meta_disable_header":"","neve_meta_disable_footer":"","neve_meta_disable_title":"","footnotes":""},"class_list":["post-9","page","type-page","status-publish","hentry"],"_links":{"self":[{"href":"https:\/\/amor.erasmus.site\/sk\/wp-json\/wp\/v2\/pages\/9","targetHints":{"allow":["GET"]}}],"collection":[{"href":"https:\/\/amor.erasmus.site\/sk\/wp-json\/wp\/v2\/pages"}],"about":[{"href":"https:\/\/amor.erasmus.site\/sk\/wp-json\/wp\/v2\/types\/page"}],"author":[{"embeddable":true,"href":"https:\/\/amor.erasmus.site\/sk\/wp-json\/wp\/v2\/users\/1"}],"replies":[{"embeddable":true,"href":"https:\/\/amor.erasmus.site\/sk\/wp-json\/wp\/v2\/comments?post=9"}],"version-history":[{"count":166,"href":"https:\/\/amor.erasmus.site\/sk\/wp-json\/wp\/v2\/pages\/9\/revisions"}],"predecessor-version":[{"id":559,"href":"https:\/\/amor.erasmus.site\/sk\/wp-json\/wp\/v2\/pages\/9\/revisions\/559"}],"wp:attachment":[{"href":"https:\/\/amor.erasmus.site\/sk\/wp-json\/wp\/v2\/media?parent=9"}],"curies":[{"name":"wp","href":"https:\/\/api.w.org\/{rel}","templated":true}]}}